{"id":18,"date":"2015-11-15T08:03:57","date_gmt":"2015-11-15T08:03:57","guid":{"rendered":"http:\/\/fliesen-pal.de\/?page_id=18"},"modified":"2016-05-29T12:54:08","modified_gmt":"2016-05-29T12:54:08","slug":"test-2","status":"publish","type":"page","link":"https:\/\/fliesen-pal.de\/?page_id=18","title":{"rendered":"Leistungen"},"content":{"rendered":"<blockquote><p>Individuelle Beratung und Service<\/p><\/blockquote>\n<blockquote><p><span style=\"color: #ff6600;\">Kreative Planung und perfekte Umsetzung<\/span><\/p><\/blockquote>\n<blockquote><p>Beratung vor Ort auf der Baustelle<\/p><\/blockquote>\n<blockquote><p><span style=\"color: #ff6600;\">Optimale Qualit\u00e4t, Termintreue und Zuverl\u00e4ssigkeit<\/span><\/p><\/blockquote>\n<blockquote><p>Vom ersten Kennenlernen bis hin zur letzen Silikonfuge immer nur einen Ansprechpartner, der Meister pers\u00f6nlich<\/p><\/blockquote>\n<blockquote><p><span style=\"color: #ff6600;\">Fliesenverlegung und \u2013reparatur in qualifizierten H\u00e4nden<\/span><\/p><\/blockquote>\n<blockquote><p>Selbst f\u00fcr kleinste Ausbesserungen der richtige Ansprechpartner<\/p><\/blockquote>\n<blockquote><p><span style=\"color: #ff6600;\">Durch st\u00e4ndige Weiterbildung kann ich Ihnen eine sachgem\u00e4\u00dfe, saubere und zuverl\u00e4ssige Ausf\u00fchrung Ihrer Arbeiten nach dem neuesten Stand der Technik garantieren<\/span><\/p><\/blockquote>\n<blockquote><p>Vom ersten Kennenlernen bis hin zur letzen Silikonfuge immer nur einen Ansprechpartner, der Meister pers\u00f6nlich<\/p><\/blockquote>\n<blockquote><p><span style=\"color: #ff6600;\">Qualifizierter Schl\u00fcter System Partner und Ardex Premium Partner durch j\u00e4hrlich mehreren Weiterbildungsma\u00dfnahme<\/span><\/p><\/blockquote>\n","protected":false},"excerpt":{"rendered":"<p>Individuelle Beratung und Service Kreative Planung und perfekte Umsetzung Beratung vor Ort auf der Baustelle Optimale Qualit\u00e4t, Termintreue und Zuverl\u00e4ssigkeit Vom ersten Kennenlernen bis hin zur letzen Silikonfuge immer nur einen Ansprechpartner, der Meister pers\u00f6nlich Fliesenverlegung und \u2013reparatur in qualifizierten<\/p>\n","protected":false},"author":1,"featured_media":21,"parent":0,"menu_order":0,"comment_status":"closed","ping_status":"closed","template":"","meta":{"footnotes":""},"class_list":["post-18","page","type-page","status-publish","has-post-thumbnail","hentry"],"_links":{"self":[{"href":"https:\/\/fliesen-pal.de\/index.php?rest_route=\/wp\/v2\/pages\/18","targetHints":{"allow":["GET"]}}],"collection":[{"href":"https:\/\/fliesen-pal.de\/index.php?rest_route=\/wp\/v2\/pages"}],"about":[{"href":"https:\/\/fliesen-pal.de\/index.php?rest_route=\/wp\/v2\/types\/page"}],"author":[{"embeddable":true,"href":"https:\/\/fliesen-pal.de\/index.php?rest_route=\/wp\/v2\/users\/1"}],"replies":[{"embeddable":true,"href":"https:\/\/fliesen-pal.de\/index.php?rest_route=%2Fwp%2Fv2%2Fcomments&post=18"}],"version-history":[{"count":31,"href":"https:\/\/fliesen-pal.de\/index.php?rest_route=\/wp\/v2\/pages\/18\/revisions"}],"predecessor-version":[{"id":91,"href":"https:\/\/fliesen-pal.de\/index.php?rest_route=\/wp\/v2\/pages\/18\/revisions\/91"}],"wp:featuredmedia":[{"embeddable":true,"href":"https:\/\/fliesen-pal.de\/index.php?rest_route=\/wp\/v2\/media\/21"}],"wp:attachment":[{"href":"https:\/\/fliesen-pal.de\/index.php?rest_route=%2Fwp%2Fv2%2Fmedia&parent=18"}],"curies":[{"name":"wp","href":"https:\/\/api.w.org\/{rel}","templated":true}]}}